{"id":3746,"date":"2021-05-06T07:09:49","date_gmt":"2021-05-06T07:09:49","guid":{"rendered":"https:\/\/www.ledercenter.si\/?page_id=3746"},"modified":"2025-08-20T04:07:08","modified_gmt":"2025-08-20T04:07:08","slug":"kontakt","status":"publish","type":"page","link":"https:\/\/ledercenter.si\/en\/kontakt\/","title":{"rendered":"Contact"},"content":{"rendered":"\t\t<div data-elementor-type=\"wp-page\" data-elementor-id=\"3746\" class=\"elementor elementor-3746\" data-elementor-post-type=\"page\">\n\t\t\t\t<div class=\"elementor-element elementor-element-ec8d3d7 e-flex e-con-boxed e-con e-parent\" data-id=\"ec8d3d7\" data-element_type=\"container\" data-e-type=\"container\">\n\t\t\t\t\t<div class=\"e-con-inner\">\n\t\t<div class=\"elementor-element elementor-element-93311fb e-con-full e-flex e-con e-child\" data-id=\"93311fb\" data-element_type=\"container\" data-e-type=\"container\">\n\t\t\t\t<div class=\"elementor-element elementor-element-97fb3fd elementor-widget__width-initial elementor-widget elementor-widget-heading\" data-id=\"97fb3fd\" data-element_type=\"widget\" data-e-type=\"widget\" data-widget_type=\"heading.default\">\n\t\t\t\t<div class=\"elementor-widget-container\">\n\t\t\t\t\t<h3 class=\"elementor-heading-title elementor-size-default\">Kontakt<\/h3>\t\t\t\t<\/div>\n\t\t\t\t<\/div>\n\t\t\t\t<div class=\"elementor-element elementor-element-4c54855 elementor-widget__width-initial elementor-widget elementor-widget-heading\" data-id=\"4c54855\" data-element_type=\"widget\" data-e-type=\"widget\" data-widget_type=\"heading.default\">\n\t\t\t\t<div class=\"elementor-widget-container\">\n\t\t\t\t\t<h3 class=\"elementor-heading-title elementor-size-default\">Rezervirajte termin ali po\u0161ljite povpra\u0161evanje \u0161e danes!<\/h3>\t\t\t\t<\/div>\n\t\t\t\t<\/div>\n\t\t\t\t<div class=\"elementor-element elementor-element-27393e4 elementor-widget elementor-widget-text-editor\" data-id=\"27393e4\" data-element_type=\"widget\" data-e-type=\"widget\" data-widget_type=\"text-editor.default\">\n\t\t\t\t<div class=\"elementor-widget-container\">\n\t\t\t\t\t\t\t\t\t<p>Ponujamo profesionalno ro\u010dno \u010di\u0161\u010denje, poliranje in kerami\u010dno za\u0161\u010dito vozil ter obnovo in za\u0161\u010dito usnja. Poskrbimo za popoln videz, dolgotrajno za\u0161\u010dito in brezhiben ob\u010dutek \u2013 za vozila, pohi\u0161tvo in modne dodatke.<\/p>\t\t\t\t\t\t\t\t<\/div>\n\t\t\t\t<\/div>\n\t\t\t\t<div class=\"elementor-element elementor-element-c8165c0 elementor-widget elementor-widget-button\" data-id=\"c8165c0\" data-element_type=\"widget\" data-e-type=\"widget\" data-widget_type=\"button.default\">\n\t\t\t\t<div class=\"elementor-widget-container\">\n\t\t\t\t\t\t\t\t\t<div class=\"elementor-button-wrapper\">\n\t\t\t\t\t<a class=\"elementor-button elementor-button-link elementor-size-sm\" href=\"#enquiry\" target=\"_blank\">\n\t\t\t\t\t\t<span class=\"elementor-button-content-wrapper\">\n\t\t\t\t\t\t\t\t\t<span class=\"elementor-button-text\">Po\u0161ljite povpra\u0161evanje<\/span>\n\t\t\t\t\t<\/span>\n\t\t\t\t\t<\/a>\n\t\t\t\t<\/div>\n\t\t\t\t\t\t\t\t<\/div>\n\t\t\t\t<\/div>\n\t\t<div class=\"elementor-element elementor-element-d2b5a3d e-con-full e-flex e-con e-child\" data-id=\"d2b5a3d\" data-element_type=\"container\" data-e-type=\"container\">\n\t\t\t\t<div class=\"elementor-element elementor-element-3cd6737 elementor-widget elementor-widget-button\" data-id=\"3cd6737\" data-element_type=\"widget\" data-e-type=\"widget\" data-widget_type=\"button.default\">\n\t\t\t\t<div class=\"elementor-widget-container\">\n\t\t\t\t\t\t\t\t\t<div class=\"elementor-button-wrapper\">\n\t\t\t\t\t<a class=\"elementor-button elementor-button-link elementor-size-sm\" href=\"https:\/\/maps.app.goo.gl\/w5V3i6mxCe8Qr4CD9\" target=\"_blank\">\n\t\t\t\t\t\t<span class=\"elementor-button-content-wrapper\">\n\t\t\t\t\t\t\t\t\t<span class=\"elementor-button-text\">Kako do nas?<\/span>\n\t\t\t\t\t<\/span>\n\t\t\t\t\t<\/a>\n\t\t\t\t<\/div>\n\t\t\t\t\t\t\t\t<\/div>\n\t\t\t\t<\/div>\n\t\t\t\t<div class=\"elementor-element elementor-element-6adc8ee elementor-widget elementor-widget-button\" data-id=\"6adc8ee\" data-element_type=\"widget\" data-e-type=\"widget\" data-widget_type=\"button.default\">\n\t\t\t\t<div class=\"elementor-widget-container\">\n\t\t\t\t\t\t\t\t\t<div class=\"elementor-button-wrapper\">\n\t\t\t\t\t<a class=\"elementor-button elementor-button-link elementor-size-sm\" href=\"tel:+38641715935\">\n\t\t\t\t\t\t<span class=\"elementor-button-content-wrapper\">\n\t\t\t\t\t\t\t\t\t<span class=\"elementor-button-text\">+386 41 715 935<\/span>\n\t\t\t\t\t<\/span>\n\t\t\t\t\t<\/a>\n\t\t\t\t<\/div>\n\t\t\t\t\t\t\t\t<\/div>\n\t\t\t\t<\/div>\n\t\t\t\t<\/div>\n\t\t\t\t<\/div>\n\t\t\t\t\t<\/div>\n\t\t\t\t<\/div>\n\t\t<div class=\"elementor-element elementor-element-bdc48f9 e-flex e-con-boxed e-con e-parent\" data-id=\"bdc48f9\" data-element_type=\"container\" data-e-type=\"container\">\n\t\t\t\t\t<div class=\"e-con-inner\">\n\t\t<div class=\"elementor-element elementor-element-d45032d e-con-full e-flex e-con e-child\" data-id=\"d45032d\" data-element_type=\"container\" data-e-type=\"container\">\n\t\t\t\t<div class=\"elementor-element elementor-element-3c2d355 elementor-widget-divider--view-line elementor-widget elementor-widget-divider\" data-id=\"3c2d355\" data-element_type=\"widget\" data-e-type=\"widget\" data-widget_type=\"divider.default\">\n\t\t\t\t<div class=\"elementor-widget-container\">\n\t\t\t\t\t\t\t<div class=\"elementor-divider\">\n\t\t\t<span class=\"elementor-divider-separator\">\n\t\t\t\t\t\t<\/span>\n\t\t<\/div>\n\t\t\t\t\t\t<\/div>\n\t\t\t\t<\/div>\n\t\t\t\t<div class=\"elementor-element elementor-element-3f75b1f elementor-icon-list--layout-traditional elementor-list-item-link-full_width elementor-widget elementor-widget-icon-list\" data-id=\"3f75b1f\" data-element_type=\"widget\" data-e-type=\"widget\" data-widget_type=\"icon-list.default\">\n\t\t\t\t<div class=\"elementor-widget-container\">\n\t\t\t\t\t\t\t<ul class=\"elementor-icon-list-items\">\n\t\t\t\t\t\t\t<li class=\"elementor-icon-list-item\">\n\t\t\t\t\t\t\t\t\t\t<span class=\"elementor-icon-list-text\">PMV, GREGOR GA\u0160PARI\u010c S.P.<\/span>\n\t\t\t\t\t\t\t\t\t<\/li>\n\t\t\t\t\t\t\t\t<li class=\"elementor-icon-list-item\">\n\t\t\t\t\t\t\t\t\t\t\t<a href=\"https:\/\/maps.app.goo.gl\/w5V3i6mxCe8Qr4CD9\">\n\n\t\t\t\t\t\t\t\t\t\t\t<span class=\"elementor-icon-list-text\">Delavnica:  Jadranska c. 23, 2000 Maribor<\/span>\n\t\t\t\t\t\t\t\t\t\t\t<\/a>\n\t\t\t\t\t\t\t\t\t<\/li>\n\t\t\t\t\t\t\t\t<li class=\"elementor-icon-list-item\">\n\t\t\t\t\t\t\t\t\t\t<span class=\"elementor-icon-list-text\">Sede\u017e: Gradi\u0161ka 58, 2211 Pesnica<\/span>\n\t\t\t\t\t\t\t\t\t<\/li>\n\t\t\t\t\t\t\t\t<li class=\"elementor-icon-list-item\">\n\t\t\t\t\t\t\t\t\t\t\t<a href=\"mailto:info@ledercenter.si\">\n\n\t\t\t\t\t\t\t\t\t\t\t<span class=\"elementor-icon-list-text\">ID za DDV: SI11256290<\/span>\n\t\t\t\t\t\t\t\t\t\t\t<\/a>\n\t\t\t\t\t\t\t\t\t<\/li>\n\t\t\t\t\t\t\t\t<li class=\"elementor-icon-list-item\">\n\t\t\t\t\t\t\t\t\t\t\t<a href=\"mailto:info@ledercenter.si\">\n\n\t\t\t\t\t\t\t\t\t\t\t<span class=\"elementor-icon-list-text\">M\u0160: 1615785000<\/span>\n\t\t\t\t\t\t\t\t\t\t\t<\/a>\n\t\t\t\t\t\t\t\t\t<\/li>\n\t\t\t\t\t\t\t\t<li class=\"elementor-icon-list-item\">\n\t\t\t\t\t\t\t\t\t\t<span class=\"elementor-icon-list-text\">TRR: SI56 0468 2011 4404 795 - OTP banka<\/span>\n\t\t\t\t\t\t\t\t\t<\/li>\n\t\t\t\t\t\t<\/ul>\n\t\t\t\t\t\t<\/div>\n\t\t\t\t<\/div>\n\t\t\t\t<div class=\"elementor-element elementor-element-554ebe1 elementor-widget-divider--view-line elementor-widget elementor-widget-divider\" data-id=\"554ebe1\" data-element_type=\"widget\" data-e-type=\"widget\" data-widget_type=\"divider.default\">\n\t\t\t\t<div class=\"elementor-widget-container\">\n\t\t\t\t\t\t\t<div class=\"elementor-divider\">\n\t\t\t<span class=\"elementor-divider-separator\">\n\t\t\t\t\t\t<\/span>\n\t\t<\/div>\n\t\t\t\t\t\t<\/div>\n\t\t\t\t<\/div>\n\t\t\t\t<\/div>\n\t\t\t\t\t<\/div>\n\t\t\t\t<\/div>\n\t\t<div class=\"elementor-element elementor-element-9467017 e-flex e-con-boxed e-con e-parent\" data-id=\"9467017\" data-element_type=\"container\" data-e-type=\"container\" id=\"enquiry\">\n\t\t\t\t\t<div class=\"e-con-inner\">\n\t\t<div class=\"elementor-element elementor-element-3a0aaa3 e-con-full e-flex e-con e-child\" data-id=\"3a0aaa3\" data-element_type=\"container\" data-e-type=\"container\">\n\t\t\t\t<div class=\"elementor-element elementor-element-6826de8 elementor-widget elementor-widget-text-editor\" data-id=\"6826de8\" data-element_type=\"widget\" data-e-type=\"widget\" data-widget_type=\"text-editor.default\">\n\t\t\t\t<div class=\"elementor-widget-container\">\n\t\t\t\t\t\t\t\t\t<p>Po\u0161ljite nam povpra\u0161evanje<\/p>\t\t\t\t\t\t\t\t<\/div>\n\t\t\t\t<\/div>\n\t\t\t\t<div class=\"elementor-element elementor-element-ade0f81 elementor-button-align-stretch elementor-widget elementor-widget-form\" data-id=\"ade0f81\" data-element_type=\"widget\" data-e-type=\"widget\" data-settings=\"{&quot;step_next_label&quot;:&quot;Next&quot;,&quot;step_previous_label&quot;:&quot;Previous&quot;,&quot;button_width&quot;:&quot;100&quot;,&quot;step_type&quot;:&quot;number_text&quot;,&quot;step_icon_shape&quot;:&quot;circle&quot;}\" data-widget_type=\"form.default\">\n\t\t\t\t<div class=\"elementor-widget-container\">\n\t\t\t\t\t\t\t<form class=\"elementor-form\" method=\"post\" id=\"services\" name=\"New Form\" aria-label=\"New Form\">\n\t\t\t<input type=\"hidden\" name=\"post_id\" value=\"3746\"\/>\n\t\t\t<input type=\"hidden\" name=\"form_id\" value=\"ade0f81\"\/>\n\t\t\t<input type=\"hidden\" name=\"referer_title\" value=\"Kontakt - Ledercenter Slovenia\" \/>\n\n\t\t\t\t\t\t\t<input type=\"hidden\" name=\"queried_id\" value=\"3746\"\/>\n\t\t\t\n\t\t\t<div class=\"elementor-form-fields-wrapper elementor-labels-above\">\n\t\t\t\t\t\t\t\t<div class=\"elementor-field-type-text elementor-field-group elementor-column elementor-field-group-name elementor-col-100 elementor-field-required\">\n\t\t\t\t\t\t\t\t\t\t\t\t<label for=\"form-field-name\" class=\"elementor-field-label\">\n\t\t\t\t\t\t\t\tIme in priimek\t\t\t\t\t\t\t<\/label>\n\t\t\t\t\t\t\t\t\t\t\t\t\t\t<input size=\"1\" type=\"text\" name=\"form_fields[name]\" id=\"form-field-name\" class=\"elementor-field elementor-size-sm  elementor-field-textual\" required=\"required\">\n\t\t\t\t\t\t\t\t\t\t\t<\/div>\n\t\t\t\t\t\t\t\t<div class=\"elementor-field-type-email elementor-field-group elementor-column elementor-field-group-email elementor-col-100 elementor-field-required\">\n\t\t\t\t\t\t\t\t\t\t\t\t<label for=\"form-field-email\" class=\"elementor-field-label\">\n\t\t\t\t\t\t\t\tE-naslov\t\t\t\t\t\t\t<\/label>\n\t\t\t\t\t\t\t\t\t\t\t\t\t\t<input size=\"1\" type=\"email\" name=\"form_fields[email]\" id=\"form-field-email\" class=\"elementor-field elementor-size-sm  elementor-field-textual\" required=\"required\">\n\t\t\t\t\t\t\t\t\t\t\t<\/div>\n\t\t\t\t\t\t\t\t<div class=\"elementor-field-type-text elementor-field-group elementor-column elementor-field-group-field_b296b5d elementor-col-100 elementor-field-required\">\n\t\t\t\t\t\t\t\t\t\t\t\t<label for=\"form-field-field_b296b5d\" class=\"elementor-field-label\">\n\t\t\t\t\t\t\t\tTelefon\t\t\t\t\t\t\t<\/label>\n\t\t\t\t\t\t\t\t\t\t\t\t\t\t<input size=\"1\" type=\"text\" name=\"form_fields[field_b296b5d]\" id=\"form-field-field_b296b5d\" class=\"elementor-field elementor-size-sm  elementor-field-textual\" required=\"required\">\n\t\t\t\t\t\t\t\t\t\t\t<\/div>\n\t\t\t\t\t\t\t\t<div class=\"elementor-field-type-textarea elementor-field-group elementor-column elementor-field-group-message elementor-col-100 elementor-field-required\">\n\t\t\t\t\t\t\t\t\t\t\t\t<label for=\"form-field-message\" class=\"elementor-field-label\">\n\t\t\t\t\t\t\t\tSporo\u010dilo in vpra\u0161anja\t\t\t\t\t\t\t<\/label>\n\t\t\t\t\t\t<textarea class=\"elementor-field-textual elementor-field  elementor-size-sm\" name=\"form_fields[message]\" id=\"form-field-message\" rows=\"4\" placeholder=\"Opis problema, vpra\u0161anja in \u017eeleni termin.\" required=\"required\"><\/textarea>\t\t\t\t<\/div>\n\t\t\t\t\t\t\t\t<div class=\"elementor-field-type-upload elementor-field-group elementor-column elementor-field-group-field_4f2dcef elementor-col-100\">\n\t\t\t\t\t\t\t\t\t\t\t\t<label for=\"form-field-field_4f2dcef\" class=\"elementor-field-label\">\n\t\t\t\t\t\t\t\tSlika\t\t\t\t\t\t\t<\/label>\n\t\t\t\t\t\t\t\t<input type=\"file\" name=\"form_fields[field_4f2dcef][]\" id=\"form-field-field_4f2dcef\" class=\"elementor-field elementor-size-sm  elementor-upload-field\" multiple=\"multiple\" data-maxsize=\"2\" data-maxsize-message=\"This file exceeds the maximum allowed size.\">\n\n\t\t\t\t\t\t<\/div>\n\t\t\t\t\t\t\t\t<div class=\"elementor-field-group elementor-column elementor-field-type-submit elementor-col-100 e-form__buttons\">\n\t\t\t\t\t<button class=\"elementor-button elementor-size-lg\" type=\"submit\">\n\t\t\t\t\t\t<span class=\"elementor-button-content-wrapper\">\n\t\t\t\t\t\t\t\t\t\t\t\t\t\t\t\t\t\t\t\t\t\t<span class=\"elementor-button-text\">Po\u0161lji zahtevek<\/span>\n\t\t\t\t\t\t\t\t\t\t\t\t\t<\/span>\n\t\t\t\t\t<\/button>\n\t\t\t\t<\/div>\n\t\t\t<\/div>\n\t\t<\/form>\n\t\t\t\t\t\t<\/div>\n\t\t\t\t<\/div>\n\t\t\t\t<\/div>\n\t\t\t\t\t<\/div>\n\t\t\t\t<\/div>\n\t\t<div class=\"elementor-element elementor-element-896916d e-flex e-con-boxed e-con e-parent\" data-id=\"896916d\" data-element_type=\"container\" data-e-type=\"container\">\n\t\t\t\t\t<div class=\"e-con-inner\">\n\t\t\t\t<div class=\"elementor-element elementor-element-41a448d elementor-widget elementor-widget-html\" data-id=\"41a448d\" data-element_type=\"widget\" data-e-type=\"widget\" data-widget_type=\"html.default\">\n\t\t\t\t<div class=\"elementor-widget-container\">\n\t\t\t\t\t<iframe src=\"https:\/\/www.google.com\/maps\/embed?pb=!1m18!1m12!1m3!1d686.1238505922394!2d15.643572569657746!3d46.537886098194484!2m3!1f0!2f0!3f0!3m2!1i1024!2i768!4f13.1!3m3!1m2!1s0x476f77777910a0ed%3A0xfcdc9ed5a6e01a47!2sJadranska%20cesta%2023%2C%202000%20Maribor!5e0!3m2!1sen!2ssi!4v1745672103772!5m2!1sen!2ssi\" width=\"600\" height=\"550\" style=\"border:0;\" allowfullscreen=\"\" loading=\"lazy\" referrerpolicy=\"no-referrer-when-downgrade\"><\/iframe>\t\t\t\t<\/div>\n\t\t\t\t<\/div>\n\t\t\t\t\t<\/div>\n\t\t\t\t<\/div>\n\t\t\t\t<\/div>\n\t\t","protected":false},"excerpt":{"rendered":"<p>Kontakt Rezervirajte termin ali po\u0161ljite povpra\u0161evanje \u0161e danes! Ponujamo profesionalno ro\u010dno \u010di\u0161\u010denje, poliranje in kerami\u010dno za\u0161\u010dito vozil ter obnovo in za\u0161\u010dito usnja. Poskrbimo za popoln videz, dolgotrajno za\u0161\u010dito in brezhiben ob\u010dutek \u2013 za vozila, pohi\u0161tvo in modne dodatke. Po\u0161ljite povpra\u0161evanje Kako do nas? +386 41 715 935 PMV, GREGOR GA\u0160PARI\u010c S.P. Delavnica: Jadranska c. 23,&#8230;<\/p>","protected":false},"author":2,"featured_media":3558,"parent":0,"menu_order":0,"comment_status":"closed","ping_status":"closed","template":"elementor_header_footer","meta":{"_acf_changed":false,"inline_featured_image":false,"_bst_post_transparent":"","_bst_post_title":"","_bst_post_layout":"","_bst_post_sidebar_id":"","_bst_post_content_style":"","_bst_post_vertical_padding":"","_bst_post_feature":"","_bst_post_feature_position":"","_bst_post_header":false,"_bst_post_footer":false,"footnotes":""},"class_list":["post-3746","page","type-page","status-publish","has-post-thumbnail","hentry"],"acf":[],"yoast_head":"<!-- This site is optimized with the Yoast SEO plugin v27.4 - https:\/\/yoast.com\/product\/yoast-seo-wordpress\/ -->\n<title>Kontakt - Ledercenter Slovenia<\/title>\n<meta name=\"robots\" content=\"index, follow, max-snippet:-1, max-image-preview:large, max-video-preview:-1\" \/>\n<link rel=\"canonical\" href=\"https:\/\/ledercenter.si\/en\/kontakt\/\" \/>\n<meta property=\"og:locale\" content=\"en_GB\" \/>\n<meta property=\"og:type\" content=\"article\" \/>\n<meta property=\"og:title\" content=\"Kontakt - Ledercenter Slovenia\" \/>\n<meta property=\"og:description\" content=\"Kontakt Rezervirajte termin ali po\u0161ljite povpra\u0161evanje \u0161e danes! Ponujamo profesionalno ro\u010dno \u010di\u0161\u010denje, poliranje in kerami\u010dno za\u0161\u010dito vozil ter obnovo in za\u0161\u010dito usnja. Poskrbimo za popoln videz, dolgotrajno za\u0161\u010dito in brezhiben ob\u010dutek \u2013 za vozila, pohi\u0161tvo in modne dodatke. Po\u0161ljite povpra\u0161evanje Kako do nas? +386 41 715 935 PMV, GREGOR GA\u0160PARI\u010c S.P. Delavnica: Jadranska c. 23,...\" \/>\n<meta property=\"og:url\" content=\"https:\/\/ledercenter.si\/en\/kontakt\/\" \/>\n<meta property=\"og:site_name\" content=\"Ledercenter Slovenia\" \/>\n<meta property=\"article:modified_time\" content=\"2025-08-20T04:07:08+00:00\" \/>\n<meta property=\"og:image\" content=\"https:\/\/ledercenter.si\/wp-content\/uploads\/2021\/02\/nega-usnja-pmv-maribor.jpg\" \/>\n\t<meta property=\"og:image:width\" content=\"1338\" \/>\n\t<meta property=\"og:image:height\" content=\"852\" \/>\n\t<meta property=\"og:image:type\" content=\"image\/jpeg\" \/>\n<meta name=\"twitter:card\" content=\"summary_large_image\" \/>\n<script type=\"application\/ld+json\" class=\"yoast-schema-graph\">{\"@context\":\"https:\\\/\\\/schema.org\",\"@graph\":[{\"@type\":\"WebPage\",\"@id\":\"https:\\\/\\\/ledercenter.si\\\/kontakt\\\/\",\"url\":\"https:\\\/\\\/ledercenter.si\\\/kontakt\\\/\",\"name\":\"Kontakt - Ledercenter Slovenia\",\"isPartOf\":{\"@id\":\"https:\\\/\\\/ledercenter.si\\\/hr\\\/#website\"},\"primaryImageOfPage\":{\"@id\":\"https:\\\/\\\/ledercenter.si\\\/kontakt\\\/#primaryimage\"},\"image\":{\"@id\":\"https:\\\/\\\/ledercenter.si\\\/kontakt\\\/#primaryimage\"},\"thumbnailUrl\":\"https:\\\/\\\/ledercenter.si\\\/wp-content\\\/uploads\\\/2021\\\/02\\\/nega-usnja-pmv-maribor.jpg\",\"datePublished\":\"2021-05-06T07:09:49+00:00\",\"dateModified\":\"2025-08-20T04:07:08+00:00\",\"breadcrumb\":{\"@id\":\"https:\\\/\\\/ledercenter.si\\\/kontakt\\\/#breadcrumb\"},\"inLanguage\":\"en-GB\",\"potentialAction\":[{\"@type\":\"ReadAction\",\"target\":[\"https:\\\/\\\/ledercenter.si\\\/kontakt\\\/\"]}]},{\"@type\":\"ImageObject\",\"inLanguage\":\"en-GB\",\"@id\":\"https:\\\/\\\/ledercenter.si\\\/kontakt\\\/#primaryimage\",\"url\":\"https:\\\/\\\/ledercenter.si\\\/wp-content\\\/uploads\\\/2021\\\/02\\\/nega-usnja-pmv-maribor.jpg\",\"contentUrl\":\"https:\\\/\\\/ledercenter.si\\\/wp-content\\\/uploads\\\/2021\\\/02\\\/nega-usnja-pmv-maribor.jpg\",\"width\":1338,\"height\":852},{\"@type\":\"BreadcrumbList\",\"@id\":\"https:\\\/\\\/ledercenter.si\\\/kontakt\\\/#breadcrumb\",\"itemListElement\":[{\"@type\":\"ListItem\",\"position\":1,\"name\":\"Home\",\"item\":\"https:\\\/\\\/ledercenter.si\\\/hr\\\/\"},{\"@type\":\"ListItem\",\"position\":2,\"name\":\"Kontakt\"}]},{\"@type\":\"WebSite\",\"@id\":\"https:\\\/\\\/ledercenter.si\\\/hr\\\/#website\",\"url\":\"https:\\\/\\\/ledercenter.si\\\/hr\\\/\",\"name\":\"Ledercenter Slovenia\",\"description\":\"Strokovna nega in za\u0161\u010dita usnja za dolgotrajno brezhibnost in \u017eivljenjsko dobo usnja\",\"publisher\":{\"@id\":\"https:\\\/\\\/ledercenter.si\\\/hr\\\/#organization\"},\"potentialAction\":[{\"@type\":\"SearchAction\",\"target\":{\"@type\":\"EntryPoint\",\"urlTemplate\":\"https:\\\/\\\/ledercenter.si\\\/hr\\\/?s={search_term_string}\"},\"query-input\":{\"@type\":\"PropertyValueSpecification\",\"valueRequired\":true,\"valueName\":\"search_term_string\"}}],\"inLanguage\":\"en-GB\"},{\"@type\":\"Organization\",\"@id\":\"https:\\\/\\\/ledercenter.si\\\/hr\\\/#organization\",\"name\":\"Ledercenter Slovenia\",\"url\":\"https:\\\/\\\/ledercenter.si\\\/hr\\\/\",\"logo\":{\"@type\":\"ImageObject\",\"inLanguage\":\"en-GB\",\"@id\":\"https:\\\/\\\/ledercenter.si\\\/hr\\\/#\\\/schema\\\/logo\\\/image\\\/\",\"url\":\"https:\\\/\\\/ledercenter.si\\\/wp-content\\\/uploads\\\/2025\\\/08\\\/logo-pmv-2.svg\",\"contentUrl\":\"https:\\\/\\\/ledercenter.si\\\/wp-content\\\/uploads\\\/2025\\\/08\\\/logo-pmv-2.svg\",\"width\":100,\"height\":100,\"caption\":\"Ledercenter Slovenia\"},\"image\":{\"@id\":\"https:\\\/\\\/ledercenter.si\\\/hr\\\/#\\\/schema\\\/logo\\\/image\\\/\"}}]}<\/script>\n<!-- \/ Yoast SEO plugin. -->","yoast_head_json":{"title":"Kontakt - Ledercenter Slovenia","robots":{"index":"index","follow":"follow","max-snippet":"max-snippet:-1","max-image-preview":"max-image-preview:large","max-video-preview":"max-video-preview:-1"},"canonical":"https:\/\/ledercenter.si\/en\/kontakt\/","og_locale":"en_GB","og_type":"article","og_title":"Kontakt - Ledercenter Slovenia","og_description":"Kontakt Rezervirajte termin ali po\u0161ljite povpra\u0161evanje \u0161e danes! Ponujamo profesionalno ro\u010dno \u010di\u0161\u010denje, poliranje in kerami\u010dno za\u0161\u010dito vozil ter obnovo in za\u0161\u010dito usnja. Poskrbimo za popoln videz, dolgotrajno za\u0161\u010dito in brezhiben ob\u010dutek \u2013 za vozila, pohi\u0161tvo in modne dodatke. Po\u0161ljite povpra\u0161evanje Kako do nas? +386 41 715 935 PMV, GREGOR GA\u0160PARI\u010c S.P. Delavnica: Jadranska c. 23,...","og_url":"https:\/\/ledercenter.si\/en\/kontakt\/","og_site_name":"Ledercenter Slovenia","article_modified_time":"2025-08-20T04:07:08+00:00","og_image":[{"width":1338,"height":852,"url":"https:\/\/ledercenter.si\/wp-content\/uploads\/2021\/02\/nega-usnja-pmv-maribor.jpg","type":"image\/jpeg"}],"twitter_card":"summary_large_image","schema":{"@context":"https:\/\/schema.org","@graph":[{"@type":"WebPage","@id":"https:\/\/ledercenter.si\/kontakt\/","url":"https:\/\/ledercenter.si\/kontakt\/","name":"Kontakt - Ledercenter Slovenia","isPartOf":{"@id":"https:\/\/ledercenter.si\/hr\/#website"},"primaryImageOfPage":{"@id":"https:\/\/ledercenter.si\/kontakt\/#primaryimage"},"image":{"@id":"https:\/\/ledercenter.si\/kontakt\/#primaryimage"},"thumbnailUrl":"https:\/\/ledercenter.si\/wp-content\/uploads\/2021\/02\/nega-usnja-pmv-maribor.jpg","datePublished":"2021-05-06T07:09:49+00:00","dateModified":"2025-08-20T04:07:08+00:00","breadcrumb":{"@id":"https:\/\/ledercenter.si\/kontakt\/#breadcrumb"},"inLanguage":"en-GB","potentialAction":[{"@type":"ReadAction","target":["https:\/\/ledercenter.si\/kontakt\/"]}]},{"@type":"ImageObject","inLanguage":"en-GB","@id":"https:\/\/ledercenter.si\/kontakt\/#primaryimage","url":"https:\/\/ledercenter.si\/wp-content\/uploads\/2021\/02\/nega-usnja-pmv-maribor.jpg","contentUrl":"https:\/\/ledercenter.si\/wp-content\/uploads\/2021\/02\/nega-usnja-pmv-maribor.jpg","width":1338,"height":852},{"@type":"BreadcrumbList","@id":"https:\/\/ledercenter.si\/kontakt\/#breadcrumb","itemListElement":[{"@type":"ListItem","position":1,"name":"Home","item":"https:\/\/ledercenter.si\/hr\/"},{"@type":"ListItem","position":2,"name":"Kontakt"}]},{"@type":"WebSite","@id":"https:\/\/ledercenter.si\/hr\/#website","url":"https:\/\/ledercenter.si\/hr\/","name":"Ledercenter Slovenia","description":"Strokovna nega in za\u0161\u010dita usnja za dolgotrajno brezhibnost in \u017eivljenjsko dobo usnja","publisher":{"@id":"https:\/\/ledercenter.si\/hr\/#organization"},"potentialAction":[{"@type":"SearchAction","target":{"@type":"EntryPoint","urlTemplate":"https:\/\/ledercenter.si\/hr\/?s={search_term_string}"},"query-input":{"@type":"PropertyValueSpecification","valueRequired":true,"valueName":"search_term_string"}}],"inLanguage":"en-GB"},{"@type":"Organization","@id":"https:\/\/ledercenter.si\/hr\/#organization","name":"Ledercenter Slovenia","url":"https:\/\/ledercenter.si\/hr\/","logo":{"@type":"ImageObject","inLanguage":"en-GB","@id":"https:\/\/ledercenter.si\/hr\/#\/schema\/logo\/image\/","url":"https:\/\/ledercenter.si\/wp-content\/uploads\/2025\/08\/logo-pmv-2.svg","contentUrl":"https:\/\/ledercenter.si\/wp-content\/uploads\/2025\/08\/logo-pmv-2.svg","width":100,"height":100,"caption":"Ledercenter Slovenia"},"image":{"@id":"https:\/\/ledercenter.si\/hr\/#\/schema\/logo\/image\/"}}]}},"_links":{"self":[{"href":"https:\/\/ledercenter.si\/en\/wp-json\/wp\/v2\/pages\/3746","targetHints":{"allow":["GET"]}}],"collection":[{"href":"https:\/\/ledercenter.si\/en\/wp-json\/wp\/v2\/pages"}],"about":[{"href":"https:\/\/ledercenter.si\/en\/wp-json\/wp\/v2\/types\/page"}],"author":[{"embeddable":true,"href":"https:\/\/ledercenter.si\/en\/wp-json\/wp\/v2\/users\/2"}],"replies":[{"embeddable":true,"href":"https:\/\/ledercenter.si\/en\/wp-json\/wp\/v2\/comments?post=3746"}],"version-history":[{"count":71,"href":"https:\/\/ledercenter.si\/en\/wp-json\/wp\/v2\/pages\/3746\/revisions"}],"predecessor-version":[{"id":5989,"href":"https:\/\/ledercenter.si\/en\/wp-json\/wp\/v2\/pages\/3746\/revisions\/5989"}],"wp:featuredmedia":[{"embeddable":true,"href":"https:\/\/ledercenter.si\/en\/wp-json\/wp\/v2\/media\/3558"}],"wp:attachment":[{"href":"https:\/\/ledercenter.si\/en\/wp-json\/wp\/v2\/media?parent=3746"}],"curies":[{"name":"wp","href":"https:\/\/api.w.org\/{rel}","templated":true}]}}